{"id":5827,"date":"2023-10-13T09:51:31","date_gmt":"2023-10-13T07:51:31","guid":{"rendered":"https:\/\/badreljundigallery.com\/?page_id=5827"},"modified":"2023-10-13T09:51:32","modified_gmt":"2023-10-13T07:51:32","slug":"contact","status":"publish","type":"page","link":"https:\/\/badreljundigallery.com\/en\/contact\/","title":{"rendered":"Contact"},"content":{"rendered":"<div class=\"bm-builder clearfix \"><div id=\"banner-hero\" class=\"module col-12 module-id-1697183531372 bm-wrap row-top row-left bm-wrap-height-auto\" data-module-col=\"12\" data-change-color=\"off\" data-backcolor=\"transparent\" data-frontcolor=\"\" data-logocolor=\"\" data-goto-top=\"off\" data-goto-top-spacing=\"0\" data-goto-disable-m=\"off\" data-groupsameheight=\"off\"><div class=\"module-inside group-inside\" style=\"--cornerRadius:0px 0px 0px 0px ; --top-mod: 0px;--bottom-mod: 0px;--top-mod-t: 0px;--bottom-mod-t: 0px;--top-mod-m:0px;--bottom-mod-m:0px;\" ><div id=\"banner-hero-img\" class=\"module col-12 module-id-1697183531492\" data-module-col=\"12\"><div class=\"module-inside single-image-inside\" style=\"--cornerRadius:0px 0px 0px 0px ; --top-mod: 0px;--bottom-mod: 0px;--top-mod-t: 0px;--bottom-mod-t: 0px;--top-mod-m:0px;--bottom-mod-m:0px;\" ><div class=\"single-image-out  \"  ><figure class=\"single-image   single-image-full   \" no><div class=\"ux-hover-wrap anima-wrap\" style=\"padding-top: 40.234375%;\"><a class=\"ux-hover-wrap-a\" href=\"\/exposiciones\/constructing-an-imaginary\/\" target=\"_self\" rel=\" \"><img loading=\"lazy\" decoding=\"async\" alt=\"Vision of figure\" class=\"single-image-img img1st lazy \" src=\"data:image\/gif;base64,R0lGODlhAQABAIAAAAAAAP\/\/\/yH5BAEAAAAALAAAAAABAAEAAAIBRAA7\" data-src=\"https:\/\/badreljundigallery.com\/wp-content\/uploads\/2023\/08\/BANNER-FIGURE-1-scaled-1.jpg\" data-srcset=\"https:\/\/badreljundigallery.com\/wp-content\/uploads\/2023\/08\/BANNER-FIGURE-1-scaled-1.jpg 2560w, https:\/\/badreljundigallery.com\/wp-content\/uploads\/2023\/08\/BANNER-FIGURE-1-scaled-1-300x121.jpg 300w, https:\/\/badreljundigallery.com\/wp-content\/uploads\/2023\/08\/BANNER-FIGURE-1-scaled-1-1024x412.jpg 1024w, https:\/\/badreljundigallery.com\/wp-content\/uploads\/2023\/08\/BANNER-FIGURE-1-scaled-1-768x309.jpg 768w, https:\/\/badreljundigallery.com\/wp-content\/uploads\/2023\/08\/BANNER-FIGURE-1-scaled-1-1536x618.jpg 1536w, https:\/\/badreljundigallery.com\/wp-content\/uploads\/2023\/08\/BANNER-FIGURE-1-scaled-1-2048x824.jpg 2048w, https:\/\/badreljundigallery.com\/wp-content\/uploads\/2023\/08\/BANNER-FIGURE-1-scaled-1-350x141.jpg 350w, https:\/\/badreljundigallery.com\/wp-content\/uploads\/2023\/08\/BANNER-FIGURE-1-scaled-1-650x262.jpg 650w, https:\/\/badreljundigallery.com\/wp-content\/uploads\/2023\/08\/BANNER-FIGURE-1-scaled-1-1000x402.jpg 1000w, https:\/\/badreljundigallery.com\/wp-content\/uploads\/2023\/08\/BANNER-FIGURE-1-scaled-1-2000x805.jpg 2000w, https:\/\/badreljundigallery.com\/wp-content\/uploads\/2023\/08\/BANNER-FIGURE-1-scaled-1-600x241.jpg 600w\" data-sizes=\"(max-width: 480px) 320px,(max-width: 767px) 500px,(max-width: 2560px) 100vw, 2560px\" width=\"2560\" height=\"1030\" \/><\/a><\/div><\/figure><\/div><\/div><\/div><div id=\"banner-hero-text\" class=\"module col-12 module-id-1697183531600\" data-module-col=\"12\"><div class=\"module-inside text-inside\" style=\"--top-mod: 0px;--bottom-mod: 0px;--top-mod-t: 0px;--bottom-mod-t: 0px;--top-mod-m:0px;--bottom-mod-m:0px;\" ><div class=\"text_block_out\"  data-effect=\"standard\" style=\"\"><div class=\"text_block ux-mod-nobg\"><div class=\"text_block_inn\"><div id=\"text-1697183531600\" class=\"text_block_centered text_block_centered_enable_width\"  style=\"\"><h1>Contact<\/h1><\/div><\/div><\/div><\/div><\/div><\/div><\/div><\/div><div id=\"\" class=\"module col-4 module-id-1697183531668 bm-wrap row-top row-left bm-wrap-height-auto col-offset-2\" data-module-col=\"4\" data-change-color=\"off\" data-backcolor=\"transparent\" data-frontcolor=\"\" data-logocolor=\"\" data-goto-top=\"off\" data-goto-top-spacing=\"0\" data-goto-disable-m=\"\" data-groupsameheight=\"off\"><div class=\"module-inside group-inside\" style=\"--top-mod: 60px;--bottom-mod: 120px;--top-mod-t: 60px;--bottom-mod-t: 120px;--top-mod-m:30px;--bottom-mod-m:20px;\" ><div id=\"\" class=\"module col-3 module-id-1697183531729\" data-module-col=\"3\"><div class=\"module-inside text-inside\" style=\"--top-mod: 0px;--bottom-mod: 0px;--top-mod-t: 0px;--bottom-mod-t: 0px;--top-mod-m:0px;--bottom-mod-m:0px;\" ><div class=\"text_block_out\"  data-effect=\"standard\" style=\"\"><div class=\"text_block ux-mod-nobg\"><div class=\"text_block_inn\"><div id=\"text-1697183531729\" class=\"text_block_centered text_block_centered_enable_width\"  style=\"\"><p>Temporary closed<\/p><\/div><\/div><\/div><\/div><\/div><\/div><\/div><\/div><div id=\"\" class=\"module col-4 module-id-1697183531797 bm-wrap row-top row-left bm-wrap-height-auto\" data-module-col=\"4\" data-change-color=\"off\" data-backcolor=\"transparent\" data-frontcolor=\"\" data-logocolor=\"\" data-goto-top=\"off\" data-goto-top-spacing=\"0\" data-goto-disable-m=\"\" data-groupsameheight=\"off\"><div class=\"module-inside group-inside\" style=\"--top-mod: 60px;--bottom-mod: 80px;--top-mod-t: 60px;--bottom-mod-t: 80px;--top-mod-m:10px;--bottom-mod-m:0px;\" ><div id=\"\" class=\"module col-12 module-id-1697183531858\" data-module-col=\"12\"><div class=\"module-inside text-inside\" style=\"--top-mod: 0px;--bottom-mod: 20px;--top-mod-t: 0px;--bottom-mod-t: 20px;--top-mod-m:0px;--bottom-mod-m:10px;\" ><div class=\"text_block_out\"  data-effect=\"standard\" style=\"\"><div class=\"text_block ux-mod-nobg\"><div class=\"text_block_inn\"><div id=\"text-1697183531858\" class=\"text_block_centered text_block_centered_enable_width\"  style=\"\"><p>Email:&nbsp;<a href=\"mailto:info@badreljundigallery.com\">info@badreljundigallery.com<\/a><\/p>\n<p>&nbsp;<\/p><\/div><\/div><\/div><\/div><\/div><\/div><div id=\"\" class=\"module col-12 module-id-1697183531920\" data-module-col=\"12\"><div class=\"module-inside social-media-inside\" style=\"--top-mod: 0px;--bottom-mod: 0px;--top-mod-t: 0px;--bottom-mod-t: 0px;--top-mod-m:0px;--bottom-mod-m:0px;\" ><div class=\"social-media-wrap ux-left ux-center-m ux-horizontal ux-horizontal-m\"><ul class=\"module-social module-social-link \"><li class=\"social-li\" ><a class=\"share\" href=\"https:\/\/fb.me\/badreljundigallery\" target=\"_blank\" rel=\"nofollow noopener noreferrer\"><span class=\"fa fa-facebook fab\"><\/span><\/a><\/li><li class=\"social-li\" ><a class=\"share\" href=\"https:\/\/www.instagram.com\/badreljundigallery\" target=\"_blank\" rel=\"nofollow noopener noreferrer\"><span class=\"fa fa-instagram-square fab\"><\/span><\/a><\/li><li class=\"social-li\" ><a class=\"share\" href=\"https:\/\/www.linkedin.com\/company\/el-jundi\/\" target=\"_blank\" rel=\"nofollow noopener noreferrer\"><span class=\"fa fa-linkedin fab\"><\/span><\/a><\/li><li class=\"social-li\" ><a class=\"share\" href=\"https:\/\/twitter.com\/eljundigallery\" target=\"_blank\" rel=\"nofollow noopener noreferrer\"><span class=\"fa fa-twitter fab\"><\/span><\/a><\/li><\/ul><\/div><\/div><\/div><\/div><\/div><div id=\"\" class=\"module col-12 module-id-1697183531969 bm-wrap row-top row-left bm-wrap-height-auto\" data-module-col=\"12\" data-change-color=\"off\" data-backcolor=\"transparent\" data-frontcolor=\"\" data-logocolor=\"\" data-goto-top=\"off\" data-goto-top-spacing=\"0\" data-goto-disable-m=\"off\" data-groupsameheight=\"off\"><div class=\"module-inside group-inside\" style=\"--cornerRadius:0px 0px 0px 0px ; --top-mod: 0px;--bottom-mod: 80px;--top-mod-t: 0px;--bottom-mod-t: 80px;--top-mod-m:0px;--bottom-mod-m:40px;\" ><\/div><\/div><div id=\"\" class=\"module col-4 module-id-1697183532118 bm-wrap row-top row-left bm-wrap-height-auto col-offset-2\" data-module-col=\"4\" data-change-color=\"off\" data-backcolor=\"transparent\" data-frontcolor=\"\" data-logocolor=\"\" data-goto-top=\"off\" data-goto-top-spacing=\"0\" data-goto-disable-m=\"\" data-groupsameheight=\"off\"><div class=\"module-inside group-inside\" style=\"--top-mod: 0px;--bottom-mod: 80px;--top-mod-t: 0px;--bottom-mod-t: 80px;--top-mod-m:0px;--bottom-mod-m:0px;\" ><div id=\"\" class=\"module col-12 module-id-1697183532179\" data-module-col=\"12\"><div class=\"module-inside text-inside\" style=\"--top-mod: 0px;--bottom-mod: 40px;--top-mod-t: 0px;--bottom-mod-t: 40px;--top-mod-m:0px;--bottom-mod-m:20px;\" ><div class=\"text_block_out\"  data-effect=\"standard\" style=\"\"><div class=\"text_block ux-mod-nobg\"><div class=\"text_block_inn\"><div id=\"text-1697183532179\" class=\"text_block_centered text_block_centered_enable_width\"  style=\"\"><p>Generic mails have to be sent to<br>info@badreljundigallery.com<\/p>\n<p>&nbsp;<\/p>\n<p>Badr El Jundi does not accept applications from artists.<\/p>\n<p><br><strong>Badr El Jundi<\/strong><br>Founder and owner<\/p>\n<p><br><strong>Maria Gracia de Pedro<\/strong><br>Director<\/p>\n<p>&nbsp;<\/p>\n<p><strong>Paloma Tell Robredo<\/strong><br>Gallery Manager<br><br><\/p>\n<p>&nbsp;<\/p><\/div><\/div><\/div><\/div><\/div><\/div><div id=\"\" class=\"module col-12 module-id-1711556945341\" data-module-col=\"12\"><div class=\"module-inside text-inside\" style=\"--top-mod: 0px;--bottom-mod: 0px;--top-mod-t: 0px;--bottom-mod-t: 0px;--top-mod-m:0px;--bottom-mod-m:0px;\" ><div class=\"text_block_out\"  data-effect=\"standard\" style=\"\"><div class=\"text_block ux-mod-nobg\"><div class=\"text_block_inn\"><div id=\"text-1711556945341\" class=\"text_block_centered text_block_centered_enable_width\"  style=\"\"><p>Badr El Jundi gallery is thankful to all the people who have contributed with their work at the gallery:&nbsp;<\/p>\n<p>Marta Mart\u00ednez Tejido, Luc\u00eda Martin Nebreda, Marina Amores, Alba Jim\u00e9nez, Roberto Albertos, Andrea Fraile, Lierni Abasolo, Maria Cuadros, Elizabeth Desir, Asante Owusu-Brafi, Paula Guijarro, Prerna Mishra, Ameera Moumina, Yanina Rujas, Sara Pe\u00f1acoba, Mara Rius y Amalia Calle.<\/p><\/div><\/div><\/div><\/div><\/div><\/div><\/div><\/div><div id=\"\" class=\"module col-6 module-id-1697183532243 bm-wrap row-top row-left bm-wrap-height-auto\" data-module-col=\"6\" data-change-color=\"off\" data-backcolor=\"transparent\" data-frontcolor=\"\" data-logocolor=\"\" data-goto-top=\"off\" data-goto-top-spacing=\"0\" data-goto-disable-m=\"off\" data-groupsameheight=\"off\"><div class=\"module-inside group-inside\" style=\"--cornerRadius:0px 0px 0px 0px ; --top-mod: 0px;--bottom-mod: 80px;--top-mod-t: 0px;--bottom-mod-t: 80px;--top-mod-m:0px;--bottom-mod-m:40px;\" ><div id=\"\" class=\"module col-4 module-id-1697183532329\" data-module-col=\"4\"><div class=\"module-inside text-inside\" style=\"--top-mod: 0px;--bottom-mod: 0px;--top-mod-t: 0px;--bottom-mod-t: 0px;--top-mod-m:0px;--bottom-mod-m:0px;\" ><div class=\"text_block_out\"  data-effect=\"standard\" style=\"\"><div class=\"text_block ux-mod-nobg\"><div class=\"text_block_inn\"><div id=\"text-1697183532329\" class=\"text_block_centered text_block_centered_enable_width\"  style=\"\"><h2>Contact us<\/h2><\/div><\/div><\/div><\/div><\/div><\/div><\/div><\/div><\/div>","protected":false},"excerpt":{"rendered":"<p>ContactTemporary closedEmail:&nbsp;info@badreljundigallery.com &nbsp;Generic mails have to be sent toinfo@badreljundigallery.com &nbsp; &hellip;<\/p>\n","protected":false},"author":1,"featured_media":0,"parent":0,"menu_order":0,"comment_status":"closed","ping_status":"closed","template":"","meta":{"inline_featured_image":false,"footnotes":""},"class_list":["post-5827","page","type-page","status-publish","hentry"],"yoast_head":"<!-- This site is optimized with the Yoast SEO plugin v26.6 - https:\/\/yoast.com\/wordpress\/plugins\/seo\/ -->\n<title>Contact - Badr El Jundi | art gallery, Madrid, Espa\u00f1a<\/title>\n<meta name=\"robots\" content=\"index, follow, max-snippet:-1, max-image-preview:large, max-video-preview:-1\" \/>\n<link rel=\"canonical\" href=\"https:\/\/badreljundigallery.com\/en\/contact\/\" \/>\n<meta property=\"og:locale\" content=\"en_US\" \/>\n<meta property=\"og:type\" content=\"article\" \/>\n<meta property=\"og:title\" content=\"Contact - Badr El Jundi | art gallery, Madrid, Espa\u00f1a\" \/>\n<meta property=\"og:description\" content=\"ContactTemporary closedEmail:&nbsp;info@badreljundigallery.com &nbsp;Generic mails have to be sent toinfo@badreljundigallery.com &nbsp; &hellip;\" \/>\n<meta property=\"og:url\" content=\"https:\/\/badreljundigallery.com\/en\/contact\/\" \/>\n<meta property=\"og:site_name\" content=\"Badr El Jundi | art gallery, Madrid, Espa\u00f1a\" \/>\n<meta property=\"article:modified_time\" content=\"2023-10-13T07:51:32+00:00\" \/>\n<meta name=\"twitter:card\" content=\"summary_large_image\" \/>\n<script type=\"application\/ld+json\" class=\"yoast-schema-graph\">{\"@context\":\"https:\/\/schema.org\",\"@graph\":[{\"@type\":\"WebPage\",\"@id\":\"https:\/\/badreljundigallery.com\/en\/contact\/\",\"url\":\"https:\/\/badreljundigallery.com\/en\/contact\/\",\"name\":\"Contact - Badr El Jundi | art gallery, Madrid, Espa\u00f1a\",\"isPartOf\":{\"@id\":\"https:\/\/badreljundigallery.com\/en\/#website\"},\"datePublished\":\"2023-10-13T07:51:31+00:00\",\"dateModified\":\"2023-10-13T07:51:32+00:00\",\"breadcrumb\":{\"@id\":\"https:\/\/badreljundigallery.com\/en\/contact\/#breadcrumb\"},\"inLanguage\":\"en-US\",\"potentialAction\":[{\"@type\":\"ReadAction\",\"target\":[\"https:\/\/badreljundigallery.com\/en\/contact\/\"]}]},{\"@type\":\"BreadcrumbList\",\"@id\":\"https:\/\/badreljundigallery.com\/en\/contact\/#breadcrumb\",\"itemListElement\":[{\"@type\":\"ListItem\",\"position\":1,\"name\":\"Front page\",\"item\":\"https:\/\/badreljundigallery.com\/en\/\"},{\"@type\":\"ListItem\",\"position\":2,\"name\":\"Contact\"}]},{\"@type\":\"WebSite\",\"@id\":\"https:\/\/badreljundigallery.com\/en\/#website\",\"url\":\"https:\/\/badreljundigallery.com\/en\/\",\"name\":\"Badr El Jundi | art gallery, Madrid, Espa\u00f1a\",\"description\":\"Badr El Jundi | art gallery, Madrid, Espa\u00f1a\",\"potentialAction\":[{\"@type\":\"SearchAction\",\"target\":{\"@type\":\"EntryPoint\",\"urlTemplate\":\"https:\/\/badreljundigallery.com\/en\/?s={search_term_string}\"},\"query-input\":{\"@type\":\"PropertyValueSpecification\",\"valueRequired\":true,\"valueName\":\"search_term_string\"}}],\"inLanguage\":\"en-US\"}]}<\/script>\n<!-- \/ Yoast SEO plugin. -->","yoast_head_json":{"title":"Contact - Badr El Jundi | art gallery, Madrid, Espa\u00f1a","robots":{"index":"index","follow":"follow","max-snippet":"max-snippet:-1","max-image-preview":"max-image-preview:large","max-video-preview":"max-video-preview:-1"},"canonical":"https:\/\/badreljundigallery.com\/en\/contact\/","og_locale":"en_US","og_type":"article","og_title":"Contact - Badr El Jundi | art gallery, Madrid, Espa\u00f1a","og_description":"ContactTemporary closedEmail:&nbsp;info@badreljundigallery.com &nbsp;Generic mails have to be sent toinfo@badreljundigallery.com &nbsp; &hellip;","og_url":"https:\/\/badreljundigallery.com\/en\/contact\/","og_site_name":"Badr El Jundi | art gallery, Madrid, Espa\u00f1a","article_modified_time":"2023-10-13T07:51:32+00:00","twitter_card":"summary_large_image","schema":{"@context":"https:\/\/schema.org","@graph":[{"@type":"WebPage","@id":"https:\/\/badreljundigallery.com\/en\/contact\/","url":"https:\/\/badreljundigallery.com\/en\/contact\/","name":"Contact - Badr El Jundi | art gallery, Madrid, Espa\u00f1a","isPartOf":{"@id":"https:\/\/badreljundigallery.com\/en\/#website"},"datePublished":"2023-10-13T07:51:31+00:00","dateModified":"2023-10-13T07:51:32+00:00","breadcrumb":{"@id":"https:\/\/badreljundigallery.com\/en\/contact\/#breadcrumb"},"inLanguage":"en-US","potentialAction":[{"@type":"ReadAction","target":["https:\/\/badreljundigallery.com\/en\/contact\/"]}]},{"@type":"BreadcrumbList","@id":"https:\/\/badreljundigallery.com\/en\/contact\/#breadcrumb","itemListElement":[{"@type":"ListItem","position":1,"name":"Front page","item":"https:\/\/badreljundigallery.com\/en\/"},{"@type":"ListItem","position":2,"name":"Contact"}]},{"@type":"WebSite","@id":"https:\/\/badreljundigallery.com\/en\/#website","url":"https:\/\/badreljundigallery.com\/en\/","name":"Badr El Jundi | art gallery, Madrid, Espa\u00f1a","description":"Badr El Jundi | art gallery, Madrid, Espa\u00f1a","potentialAction":[{"@type":"SearchAction","target":{"@type":"EntryPoint","urlTemplate":"https:\/\/badreljundigallery.com\/en\/?s={search_term_string}"},"query-input":{"@type":"PropertyValueSpecification","valueRequired":true,"valueName":"search_term_string"}}],"inLanguage":"en-US"}]}},"_links":{"self":[{"href":"https:\/\/badreljundigallery.com\/en\/wp-json\/wp\/v2\/pages\/5827","targetHints":{"allow":["GET"]}}],"collection":[{"href":"https:\/\/badreljundigallery.com\/en\/wp-json\/wp\/v2\/pages"}],"about":[{"href":"https:\/\/badreljundigallery.com\/en\/wp-json\/wp\/v2\/types\/page"}],"author":[{"embeddable":true,"href":"https:\/\/badreljundigallery.com\/en\/wp-json\/wp\/v2\/users\/1"}],"replies":[{"embeddable":true,"href":"https:\/\/badreljundigallery.com\/en\/wp-json\/wp\/v2\/comments?post=5827"}],"version-history":[{"count":1,"href":"https:\/\/badreljundigallery.com\/en\/wp-json\/wp\/v2\/pages\/5827\/revisions"}],"predecessor-version":[{"id":5828,"href":"https:\/\/badreljundigallery.com\/en\/wp-json\/wp\/v2\/pages\/5827\/revisions\/5828"}],"wp:attachment":[{"href":"https:\/\/badreljundigallery.com\/en\/wp-json\/wp\/v2\/media?parent=5827"}],"curies":[{"name":"wp","href":"https:\/\/api.w.org\/{rel}","templated":true}]}}